{"id":94,"date":"2019-10-27T19:02:30","date_gmt":"2019-10-27T16:02:30","guid":{"rendered":"https:\/\/yamanlifehotel.com\/contact-us\/"},"modified":"2025-04-14T20:19:05","modified_gmt":"2025-04-14T17:19:05","slug":"iletisim","status":"publish","type":"page","link":"https:\/\/yamanlifehotel.com\/ru\/iletisim\/","title":{"rendered":"\u043a\u043e\u043d\u0442\u0430\u043a\u0442"},"content":{"rendered":"<div data-elementor-type=\"wp-page\" data-elementor-id=\"94\" class=\"elementor elementor-94\" data-elementor-settings=\"[]\">\n\t\t\t\t\t\t<div class=\"elementor-inner\">\n\t\t\t\t\t\t\t<div class=\"elementor-section-wrap\">\n\t\t\t\t\t\t\t<section class=\"elementor-section elementor-top-section elementor-element elementor-element-15edae74 elementor-section-stretched elementor-section-boxed elementor-section-height-default elementor-section-height-default\" data-id=\"15edae74\" data-element_type=\"section\" data-settings=\"{&quot;stretch_section&quot;:&quot;section-stretched&quot;,&quot;background_background&quot;:&quot;slideshow&quot;,&quot;background_slideshow_gallery&quot;:[{&quot;id&quot;:512,&quot;url&quot;:&quot;https:\\\/\\\/yamanlifehotel.com\\\/wp-content\\\/uploads\\\/2020\\\/06\\\/header-bg-yaman-life-hotel.jpg&quot;}],&quot;background_slideshow_loop&quot;:&quot;yes&quot;,&quot;background_slideshow_slide_duration&quot;:5000,&quot;background_slideshow_slide_transition&quot;:&quot;fade&quot;,&quot;background_slideshow_transition_duration&quot;:500}\">\n\t\t\t\t\t\t<div class=\"elementor-container elementor-column-gap-default\">\n\t\t\t\t\t\t\t<div class=\"elementor-row\">\n\t\t\t\t\t<div class=\"aux-parallax-section elementor-column elementor-col-100 elementor-top-column elementor-element elementor-element-d726206\" data-id=\"d726206\" data-element_type=\"column\">\n\t\t\t<div class=\"elementor-column-wrap elementor-element-populated\">\n\t\t\t\t\t\t\t<div class=\"elementor-widget-wrap\">\n\t\t\t\t\t\t<div class=\"elementor-element elementor-element-6df6071 elementor-widget elementor-widget-heading\" data-id=\"6df6071\" data-element_type=\"widget\" data-widget_type=\"heading.default\">\n\t\t\t\t<div class=\"elementor-widget-container\">\n\t\t\t<h1 class=\"elementor-heading-title elementor-size-default\">\u043a\u043e\u043d\u0442\u0430\u043a\u0442<\/h1>\t\t<\/div>\n\t\t\t\t<\/div>\n\t\t\t\t\t\t<\/div>\n\t\t\t\t\t<\/div>\n\t\t<\/div>\n\t\t\t\t\t\t\t\t<\/div>\n\t\t\t\t\t<\/div>\n\t\t<\/section>\n\t\t\t\t<section class=\"elementor-section elementor-top-section elementor-element elementor-element-2152709 elementor-section-boxed elementor-section-height-default elementor-section-height-default\" data-id=\"2152709\" data-element_type=\"section\">\n\t\t\t\t\t\t<div class=\"elementor-container elementor-column-gap-default\">\n\t\t\t\t\t\t\t<div class=\"elementor-row\">\n\t\t\t\t\t<div class=\"aux-parallax-section elementor-column elementor-col-100 elementor-top-column elementor-element elementor-element-e4d2ada\" data-id=\"e4d2ada\" data-element_type=\"column\">\n\t\t\t<div class=\"elementor-column-wrap elementor-element-populated\">\n\t\t\t\t\t\t\t<div class=\"elementor-widget-wrap\">\n\t\t\t\t\t\t<div class=\"elementor-element elementor-element-ed5cb33 aux-appear-watch-animation aux-mask-from-left elementor-widget elementor-widget-aux_gmap\" data-id=\"ed5cb33\" data-element_type=\"widget\" data-widget_type=\"aux_gmap.default\">\n\t\t\t\t<div class=\"elementor-widget-container\">\n\t\t\t<section class=\"widget-container aux-widget-gmaps aux-parent-auff48a2dd\" style=\"\" >\n    <div class=\"aux-col-wrapper aux-no-gutter\">\n        <div id=\"aux-map69e378ce64d0c\" class=\"aux-map-wrapper\" style=\"height:640px\" ><\/div>\n\n        <script>\n            jQuery( function($) {\n                if(typeof GMaps != \"function\" || typeof google === \"undefined\"){\n                    console.info( \"Please add google map API key in theme options. https:\/\/developers.google.com\/maps\/documentation\/javascript\/\" );\n                    return;\n                }\n                var map = new GMaps({\n                    el: \"#aux-map69e378ce64d0c\",\n                    lat:  36.539717,\n                    lng:  32.028235,\n                    zoom: 13,\n                    scrollwheel: false,\n                                        mapTypeId: google.maps.MapTypeId.ROADMAP,\n                                        panControl : true\n                });\n\n                                map.addStyle({\n                    styledMapName:\"Auxin custom style map\",\n                    styles: [\n    {\n        \"featureType\": \"administrative\",\n        \"elementType\": \"all\",\n        \"stylers\": [\n            {\n                \"visibility\": \"off\"\n            }\n        ]\n    },\n    {\n        \"featureType\": \"landscape\",\n        \"elementType\": \"all\",\n        \"stylers\": [\n            {\n                \"visibility\": \"off\"\n            }\n        ]\n    },\n    {\n        \"featureType\": \"poi\",\n        \"elementType\": \"all\",\n        \"stylers\": [\n            {\n                \"visibility\": \"off\"\n            }\n        ]\n    },\n    {\n        \"featureType\": \"road\",\n        \"elementType\": \"all\",\n        \"stylers\": [\n            {\n                \"visibility\": \"on\"\n            }\n        ]\n    },\n    {\n        \"featureType\": \"road\",\n        \"elementType\": \"labels\",\n        \"stylers\": [\n            {\n                \"visibility\": \"off\"\n            }\n        ]\n    },\n    {\n        \"featureType\": \"transit\",\n        \"elementType\": \"all\",\n        \"stylers\": [\n            {\n                \"visibility\": \"on\"\n            }\n        ]\n    },\n    {\n        \"featureType\": \"transit\",\n        \"elementType\": \"labels\",\n        \"stylers\": [\n            {\n                \"visibility\": \"off\"\n            }\n        ]\n    },\n    {\n        \"featureType\": \"water\",\n        \"elementType\": \"all\",\n        \"stylers\": [\n            {\n                \"visibility\": \"on\"\n            }\n        ]\n    },\n    {\n        \"featureType\": \"water\",\n        \"elementType\": \"geometry\",\n        \"stylers\": [\n            {\n                \"color\": \"#12608d\"\n            }\n        ]\n    },\n    {\n        \"featureType\": \"water\",\n        \"elementType\": \"labels.text.fill\",\n        \"stylers\": [\n            {\n                \"visibility\": \"off\"\n            }\n        ]\n    },\n    {\n        \"featureType\": \"water\",\n        \"elementType\": \"labels.text.stroke\",\n        \"stylers\": [\n            {\n                \"visibility\": \"off\"\n            }\n        ]\n    }\n],\n                    mapTypeId: \"aux_map_style\"\n                });\n\n                map.setStyle(\"aux_map_style\");\n                                map.addMarker({\n                                        lat : 36.539717,\n                    lng : 32.028235,\n                                            icon: \"https:\/\/yamanlifehotel.com\/wp-content\/uploads\/2020\/06\/pin-baskent-global.png\"\n                                        \n                });\n           });\n\n        <\/script>\n\n    <\/div><!-- aux-col-wrapper -->\n\n<\/section><!-- widget-container -->\t\t<\/div>\n\t\t\t\t<\/div>\n\t\t\t\t\t\t<\/div>\n\t\t\t\t\t<\/div>\n\t\t<\/div>\n\t\t\t\t\t\t\t\t<\/div>\n\t\t\t\t\t<\/div>\n\t\t<\/section>\n\t\t\t\t<section class=\"elementor-section elementor-top-section elementor-element elementor-element-2e79f07 elementor-section-content-middle elementor-section-boxed elementor-section-height-default elementor-section-height-default\" data-id=\"2e79f07\" data-element_type=\"section\">\n\t\t\t\t\t\t<div class=\"elementor-container elementor-column-gap-default\">\n\t\t\t\t\t\t\t<div class=\"elementor-row\">\n\t\t\t\t\t<div class=\"aux-parallax-section elementor-column elementor-col-50 elementor-top-column elementor-element elementor-element-ed2d8d6\" data-id=\"ed2d8d6\" data-element_type=\"column\" data-settings=\"{&quot;background_background&quot;:&quot;classic&quot;}\">\n\t\t\t<div class=\"elementor-column-wrap elementor-element-populated\">\n\t\t\t\t\t\t\t<div class=\"elementor-widget-wrap\">\n\t\t\t\t\t\t<div class=\"elementor-element elementor-element-7471cb6 elementor-widget elementor-widget-image\" data-id=\"7471cb6\" data-element_type=\"widget\" data-widget_type=\"image.default\">\n\t\t\t\t<div class=\"elementor-widget-container\">\n\t\t\t\t\t\t\t\t<div class=\"elementor-image\">\n\t\t\t\t\t\t\t\t\t\t\t\t<img loading=\"lazy\" decoding=\"async\" width=\"1000\" height=\"781\" src=\"https:\/\/yamanlifehotel.com\/wp-content\/uploads\/2020\/06\/lokasyon-map-yaman-life-hotel-v2.jpg\" class=\"attachment-large size-large\" alt=\"\" \/>\t\t\t\t\t\t\t\t\t\t\t\t\t\t<\/div>\n\t\t\t\t\t\t<\/div>\n\t\t\t\t<\/div>\n\t\t\t\t<div class=\"elementor-element elementor-element-f251ea8 elementor-widget elementor-widget-heading\" data-id=\"f251ea8\" data-element_type=\"widget\" data-widget_type=\"heading.default\">\n\t\t\t\t<div class=\"elementor-widget-container\">\n\t\t\t<h2 class=\"elementor-heading-title elementor-size-default\">\u015eehrin Merkezinde<\/br>\u0423 \u043c\u043e\u0440\u044f<\/h2>\t\t<\/div>\n\t\t\t\t<\/div>\n\t\t\t\t<div class=\"elementor-element elementor-element-8e76156 elementor-widget elementor-widget-text-editor\" data-id=\"8e76156\" data-element_type=\"widget\" data-widget_type=\"text-editor.default\">\n\t\t\t\t<div class=\"elementor-widget-container\">\n\t\t\t\t\t\t\t\t<div class=\"elementor-text-editor elementor-clearfix\">\n\t\t\t\t<p>Turkuaz\u0131n begonvil moruyla bulu\u015ftu\u011fu, g\u00fcne\u015fi bol, denizi muhte\u015fem Alanya&#8217;da, palmiye a\u011fa\u00e7lar\u0131n\u0131n g\u00f6lgesinde hayat\u0131n yo\u011fun temposundan uzakta soluklanmak isterseniz tam da arad\u0131\u011f\u0131n\u0131z huzurlu adres Yaman Life Hotel, Alanya&#8217;n\u0131n merkezinde ve denizin yan\u0131ba\u015f\u0131nda konumu ile sizlere keyifli bir tatil vadediyor. Alanya\/Gazipa\u015fa Havaliman\u0131na 35 km, Antalya Havaliman\u0131na 140 km mesafesi ve kolay ula\u015f\u0131m imkanlar\u0131 ile sizleri bekliyoruz.<\/p>\t\t\t\t\t<\/div>\n\t\t\t\t\t\t<\/div>\n\t\t\t\t<\/div>\n\t\t\t\t\t\t<\/div>\n\t\t\t\t\t<\/div>\n\t\t<\/div>\n\t\t\t\t<div class=\"aux-parallax-section elementor-column elementor-col-50 elementor-top-column elementor-element elementor-element-588e5e2\" data-id=\"588e5e2\" data-element_type=\"column\">\n\t\t\t<div class=\"elementor-column-wrap elementor-element-populated\">\n\t\t\t\t\t\t\t<div class=\"elementor-widget-wrap\">\n\t\t\t\t\t\t<div class=\"elementor-element elementor-element-c6f7776 aux-appear-watch-animation aux-fade-in-right-2 elementor-widget elementor-widget-aux_modern_heading\" data-id=\"c6f7776\" data-element_type=\"widget\" data-widget_type=\"aux_modern_heading.default\">\n\t\t\t\t<div class=\"elementor-widget-container\">\n\t\t\t<section class=\"aux-widget-modern-heading\">\n            <div class=\"aux-widget-inner\"><h6 class=\"aux-modern-heading-primary\"><\/h6><h3 class=\"aux-modern-heading-secondary\"><span class=\"aux-head-before\">Bize Yaz\u0131n<\/span><\/h3><div class=\"aux-modern-heading-description\"><p>Akl\u0131n\u0131zdaki t\u00fcm soru ve g\u00f6r\u00fc\u015fleriniz i\u00e7in a\u015fa\u011f\u0131daki formu doldurarak bize yaz\u0131n.\u00a0<\/p><\/div><\/div>\n        <\/section>\t\t<\/div>\n\t\t\t\t<\/div>\n\t\t\t\t<div class=\"elementor-element elementor-element-acad5e6 aux-appear-watch-animation aux-fade-in-up-2 elementor-widget elementor-widget-aux_contact_form\" data-id=\"acad5e6\" data-element_type=\"widget\" data-widget_type=\"aux_contact_form.default\">\n\t\t\t\t<div class=\"elementor-widget-container\">\n\t\t\t<section class=\"widget-container aux-widget-contact-form aux-parent-auffa0c5a7\" style=\"\" >            <div class=\"aux-col-wrapper aux-no-gutter\">\n            <!-- @TODO - The output for element here -->\n\n            \n<div class=\"wpcf7 no-js\" id=\"wpcf7-f782-o1\" lang=\"tr-TR\" dir=\"ltr\" data-wpcf7-id=\"782\">\n<div class=\"screen-reader-response\"><p role=\"status\" aria-live=\"polite\" aria-atomic=\"true\"><\/p> <ul><\/ul><\/div>\n<form action=\"\/ru\/wp-json\/wp\/v2\/pages\/94#wpcf7-f782-o1\" method=\"post\" class=\"wpcf7-form init\" aria-label=\"\u0130leti\u015fim Formu\" novalidate=\"novalidate\" data-status=\"init\" data-trp-original-action=\"\/ru\/wp-json\/wp\/v2\/pages\/94#wpcf7-f782-o1\">\n<fieldset class=\"hidden-fields-container\"><input type=\"hidden\" name=\"_wpcf7\" value=\"782\" \/><input type=\"hidden\" name=\"_wpcf7_version\" value=\"6.1.2\" \/><input type=\"hidden\" name=\"_wpcf7_locale\" value=\"tr_TR\" \/><input type=\"hidden\" name=\"_wpcf7_unit_tag\" value=\"wpcf7-f782-o1\" \/><input type=\"hidden\" name=\"_wpcf7_container_post\" value=\"0\" \/><input type=\"hidden\" name=\"_wpcf7_posted_data_hash\" value=\"\" \/>\n<\/fieldset>\n<p><label><span class=\"wpcf7-form-control-wrap\" data-name=\"your-name\"><input size=\"40\" maxlength=\"400\" class=\"wpcf7-form-control wpcf7-text\" aria-invalid=\"false\" placeholder=\"\u0130sminiz*\" value=\"\" type=\"text\" name=\"your-name\" \/><\/span> <\/label><br \/>\n<label><span class=\"wpcf7-form-control-wrap\" data-name=\"email\"><input size=\"40\" maxlength=\"400\" class=\"wpcf7-form-control wpcf7-email wpcf7-validates-as-required wpcf7-text wpcf7-validates-as-email\" aria-required=\"true\" aria-invalid=\"false\" placeholder=\"E-posta Adresniniz*\" value=\"\" type=\"email\" name=\"email\" \/><\/span> <\/label><br \/>\n<label><span class=\"wpcf7-form-control-wrap\" data-name=\"subject\"><input size=\"40\" maxlength=\"400\" class=\"wpcf7-form-control wpcf7-text\" aria-invalid=\"false\" placeholder=\"Konu\" value=\"\" type=\"text\" name=\"subject\" \/><\/span> <\/label><br \/>\n<label> <span class=\"wpcf7-form-control-wrap\" data-name=\"mesaj\"><textarea cols=\"40\" rows=\"10\" maxlength=\"2000\" class=\"wpcf7-form-control wpcf7-textarea\" aria-invalid=\"false\" placeholder=\"Mesaj\u0131n\u0131z\" name=\"mesaj\"><\/textarea><\/span><\/label>\n<\/p>\n<p><input class=\"wpcf7-form-control wpcf7-submit has-spinner\" type=\"submit\" value=\"G\u00f6nder\" \/>\n<\/p><div class=\"wpcf7-response-output\" aria-hidden=\"true\"><\/div>\n<input type=\"hidden\" name=\"trp-form-language\" value=\"ru\"\/><\/form>\n<\/div>\n\n\n            <\/div><!-- aux-col-wrapper -->\n    <\/section><!-- widget-container -->\t\t<\/div>\n\t\t\t\t<\/div>\n\t\t\t\t\t\t<\/div>\n\t\t\t\t\t<\/div>\n\t\t<\/div>\n\t\t\t\t\t\t\t\t<\/div>\n\t\t\t\t\t<\/div>\n\t\t<\/section>\n\t\t\t\t<section class=\"elementor-section elementor-top-section elementor-element elementor-element-13df02a elementor-section-boxed elementor-section-height-default elementor-section-height-default\" data-id=\"13df02a\" data-element_type=\"section\" data-settings=\"{&quot;background_background&quot;:&quot;classic&quot;}\">\n\t\t\t\t\t\t<div class=\"elementor-container elementor-column-gap-default\">\n\t\t\t\t\t\t\t<div class=\"elementor-row\">\n\t\t\t\t\t<div class=\"aux-parallax-section elementor-column elementor-col-25 elementor-top-column elementor-element elementor-element-709db10 aux-appear-watch-animation aux-fade-in-left-2\" data-id=\"709db10\" data-element_type=\"column\" data-settings=\"{&quot;background_background&quot;:&quot;gradient&quot;}\">\n\t\t\t<div class=\"elementor-column-wrap elementor-element-populated\">\n\t\t\t\t\t\t\t<div class=\"elementor-widget-wrap\">\n\t\t\t\t\t\t<div class=\"elementor-element elementor-element-4eae6c2 elementor-widget elementor-widget-aux_text\" data-id=\"4eae6c2\" data-element_type=\"widget\" data-widget_type=\"aux_text.default\">\n\t\t\t\t<div class=\"elementor-widget-container\">\n\t\t\t<section class=\"widget-container aux-widget-text aux-parent-au1ffe3bd9\" style=\"\" >        <div class=\"aux-widget-advanced-text aux-wrap-style-simple aux-ico-pos-top aux-text-center aux-text-resp- aux-text-color-dark aux-text-widget-bg-center\" >\n        \n                            <div class=\"aux-text-widget-header\"  >\n                        <div class=\"aux-ico-box aux-ico-large aux-img-box aux-ico-shape-default aux-ico-clear\">\n                                                                <img decoding=\"async\" src=\"\u0434\u0430\u043d\u043d\u044b\u0435: image \/ gif; base64, R0lGODlhAQABAIAAAAAAAP \/\/\/ yH5BAEAAAAALAAAAAABAAEAAAIBRAA7\" class=\"aux-attachment aux-featured-image aux-attachment-id-54 aux-preload aux-blank\" alt=\"demo-attachment-106-phone-call\" data-src=\"\u0434\u0430\u043d\u043d\u044b\u0435: image \/ gif; base64, R0lGODlhAQABAIAAAAAAAP \/\/\/ yH5BAEAAAAALAAAAAABAAEAAAIBRAA7\" \/>                                                    <\/div>\n                <\/div>\n            \n            <div class=\"aux-text-inner aux-text-widget-content\">\n                                <h4 class=\"col-title\">Telefon Numaras\u0131:<\/h4>\n                                <div class=\"widget-content\">\n                                        <p>+90 (543) 678 60 60<\/p><p>+90 (242) 514 40 20<\/p>                <\/div>\n                            <\/div>\n        <\/div>\n                    <div class=\"aux-text-widget-footer\">\n                <div class=\"aux-border-shape-none\">\n                                <\/div>\n            <\/div>\n        \n<\/section><!-- widget-container -->\t\t<\/div>\n\t\t\t\t<\/div>\n\t\t\t\t\t\t<\/div>\n\t\t\t\t\t<\/div>\n\t\t<\/div>\n\t\t\t\t<div class=\"aux-parallax-section elementor-column elementor-col-25 elementor-top-column elementor-element elementor-element-9d4cce4 aux-appear-watch-animation aux-fade-in-left-2\" data-id=\"9d4cce4\" data-element_type=\"column\" data-settings=\"{&quot;background_background&quot;:&quot;gradient&quot;}\">\n\t\t\t<div class=\"elementor-column-wrap elementor-element-populated\">\n\t\t\t\t\t\t\t<div class=\"elementor-widget-wrap\">\n\t\t\t\t\t\t<div class=\"elementor-element elementor-element-5c6e5be elementor-widget elementor-widget-aux_text\" data-id=\"5c6e5be\" data-element_type=\"widget\" data-widget_type=\"aux_text.default\">\n\t\t\t\t<div class=\"elementor-widget-container\">\n\t\t\t<section class=\"widget-container aux-widget-text aux-parent-au0291edf9\" style=\"\" >        <div class=\"aux-widget-advanced-text aux-wrap-style-simple aux-ico-pos-top aux-text-center aux-text-resp- aux-text-color-dark aux-text-widget-bg-center\" >\n        \n                            <div class=\"aux-text-widget-header\"  >\n                        <div class=\"aux-ico-box aux-ico-large aux-img-box aux-ico-shape-default aux-ico-clear\">\n                                                                <img decoding=\"async\" src=\"\u0434\u0430\u043d\u043d\u044b\u0435: image \/ gif; base64, R0lGODlhAQABAIAAAAAAAP \/\/\/ yH5BAEAAAAALAAAAAABAAEAAAIBRAA7\" class=\"aux-attachment aux-featured-image aux-attachment-id-58 aux-preload aux-blank\" alt=\"demo-attachment-101-Compound-Path\" data-src=\"\u0434\u0430\u043d\u043d\u044b\u0435: image \/ gif; base64, R0lGODlhAQABAIAAAAAAAP \/\/\/ yH5BAEAAAAALAAAAAABAAEAAAIBRAA7\" \/>                                                    <\/div>\n                <\/div>\n            \n            <div class=\"aux-text-inner aux-text-widget-content\">\n                                <h4 class=\"col-title\">\u0410\u0434\u0440\u0435\u0441:<\/h4>\n                                <div class=\"widget-content\">\n                                        <p>Cumhuriyet, Sanat Okulu Cd. No. 10, 07425 Alanya\/Antalya<\/p>                <\/div>\n                            <\/div>\n        <\/div>\n                    <div class=\"aux-text-widget-footer\">\n                <div class=\"aux-border-shape-none\">\n                                <\/div>\n            <\/div>\n        \n<\/section><!-- widget-container -->\t\t<\/div>\n\t\t\t\t<\/div>\n\t\t\t\t\t\t<\/div>\n\t\t\t\t\t<\/div>\n\t\t<\/div>\n\t\t\t\t<div class=\"aux-parallax-section elementor-column elementor-col-25 elementor-top-column elementor-element elementor-element-172b3d5 aux-appear-watch-animation aux-fade-in-left-2\" data-id=\"172b3d5\" data-element_type=\"column\" data-settings=\"{&quot;background_background&quot;:&quot;gradient&quot;}\">\n\t\t\t<div class=\"elementor-column-wrap elementor-element-populated\">\n\t\t\t\t\t\t\t<div class=\"elementor-widget-wrap\">\n\t\t\t\t\t\t<div class=\"elementor-element elementor-element-de6ca3a elementor-widget elementor-widget-aux_text\" data-id=\"de6ca3a\" data-element_type=\"widget\" data-widget_type=\"aux_text.default\">\n\t\t\t\t<div class=\"elementor-widget-container\">\n\t\t\t<section class=\"widget-container aux-widget-text aux-parent-au0d81e529\" style=\"\" >        <div class=\"aux-widget-advanced-text aux-wrap-style-simple aux-ico-pos-top aux-text-center aux-text-resp- aux-text-color-dark aux-text-widget-bg-center\" >\n        \n                            <div class=\"aux-text-widget-header\"  >\n                        <div class=\"aux-ico-box aux-ico-large aux-img-box aux-ico-shape-default aux-ico-clear\">\n                                                                <img decoding=\"async\" src=\"\u0434\u0430\u043d\u043d\u044b\u0435: image \/ gif; base64, R0lGODlhAQABAIAAAAAAAP \/\/\/ yH5BAEAAAAALAAAAAABAAEAAAIBRAA7\" class=\"aux-attachment aux-featured-image aux-attachment-id-59 aux-preload aux-blank\" alt=\"demo-attachment-100-clock\" data-src=\"\u0434\u0430\u043d\u043d\u044b\u0435: image \/ gif; base64, R0lGODlhAQABAIAAAAAAAP \/\/\/ yH5BAEAAAAALAAAAAABAAEAAAIBRAA7\" \/>                                                    <\/div>\n                <\/div>\n            \n            <div class=\"aux-text-inner aux-text-widget-content\">\n                                <h4 class=\"col-title\">\u00c7al\u0131\u015fma Saatleri:<\/h4>\n                                <div class=\"widget-content\">\n                                        <p>7\/24 a\u00e7\u0131k resepsiyonumuzla siz de\u011ferli misafirlerimize hizmet vermekteyiz.<\/p>                <\/div>\n                            <\/div>\n        <\/div>\n                    <div class=\"aux-text-widget-footer\">\n                <div class=\"aux-border-shape-none\">\n                                <\/div>\n            <\/div>\n        \n<\/section><!-- widget-container -->\t\t<\/div>\n\t\t\t\t<\/div>\n\t\t\t\t\t\t<\/div>\n\t\t\t\t\t<\/div>\n\t\t<\/div>\n\t\t\t\t<div class=\"aux-parallax-section elementor-column elementor-col-25 elementor-top-column elementor-element elementor-element-a28bf76 aux-appear-watch-animation aux-fade-in-left-2\" data-id=\"a28bf76\" data-element_type=\"column\" data-settings=\"{&quot;background_background&quot;:&quot;gradient&quot;}\">\n\t\t\t<div class=\"elementor-column-wrap elementor-element-populated\">\n\t\t\t\t\t\t\t<div class=\"elementor-widget-wrap\">\n\t\t\t\t\t\t<div class=\"elementor-element elementor-element-6ea7e38 elementor-widget elementor-widget-aux_text\" data-id=\"6ea7e38\" data-element_type=\"widget\" data-widget_type=\"aux_text.default\">\n\t\t\t\t<div class=\"elementor-widget-container\">\n\t\t\t<section class=\"widget-container aux-widget-text aux-parent-au6419f1b3\" style=\"\" >        <div class=\"aux-widget-advanced-text aux-wrap-style-simple aux-ico-pos-top aux-text-center aux-text-resp- aux-text-color-dark aux-text-widget-bg-center\" >\n        \n                            <div class=\"aux-text-widget-header\"  >\n                        <div class=\"aux-ico-box aux-ico-large aux-img-box aux-ico-shape-default aux-ico-clear\">\n                                                                <img decoding=\"async\" src=\"\u0434\u0430\u043d\u043d\u044b\u0435: image \/ gif; base64, R0lGODlhAQABAIAAAAAAAP \/\/\/ yH5BAEAAAAALAAAAAABAAEAAAIBRAA7\" class=\"aux-attachment aux-featured-image aux-attachment-id-56 aux-preload aux-blank\" alt=\"demo-attachment-102-mail\" data-src=\"\u0434\u0430\u043d\u043d\u044b\u0435: image \/ gif; base64, R0lGODlhAQABAIAAAAAAAP \/\/\/ yH5BAEAAAAALAAAAAABAAEAAAIBRAA7\" \/>                                                    <\/div>\n                <\/div>\n            \n            <div class=\"aux-text-inner aux-text-widget-content\">\n                                <h4 class=\"col-title\">E-Posta:<\/h4>\n                                <div class=\"widget-content\">\n                                        <p>info@yamanlifehotel.com<\/p><p>www.yamanlifehotel.com<\/p>                <\/div>\n                            <\/div>\n        <\/div>\n                    <div class=\"aux-text-widget-footer\">\n                <div class=\"aux-border-shape-none\">\n                                <\/div>\n            <\/div>\n        \n<\/section><!-- widget-container -->\t\t<\/div>\n\t\t\t\t<\/div>\n\t\t\t\t\t\t<\/div>\n\t\t\t\t\t<\/div>\n\t\t<\/div>\n\t\t\t\t\t\t\t\t<\/div>\n\t\t\t\t\t<\/div>\n\t\t<\/section>\n\t\t\t\t\t\t<\/div>\n\t\t\t\t\t\t<\/div>\n\t\t\t\t\t<\/div>","protected":false},"excerpt":{"rendered":"<p>\u0130leti\u015fim \u015eehrin MerkezindeDenizin Yan\u0131ba\u015f\u0131nda Turkuaz\u0131n begonvil moruyla bulu\u015ftu\u011fu, g\u00fcne\u015fi bol, denizi muhte\u015fem Alanya&#8217;da, palmiye a\u011fa\u00e7lar\u0131n\u0131n g\u00f6lgesinde hayat\u0131n yo\u011fun temposundan uzakta soluklanmak isterseniz tam da arad\u0131\u011f\u0131n\u0131z huzurlu adres Yaman Life Hotel, Alanya&#8217;n\u0131n merkezinde ve denizin yan\u0131ba\u015f\u0131nda konumu ile sizlere keyifli bir tatil vadediyor. Alanya\/Gazipa\u015fa Havaliman\u0131na 35 km, Antalya Havaliman\u0131na 140 km mesafesi ve kolay ula\u015f\u0131m imkanlar\u0131 [&hellip;]<\/p>","protected":false},"author":1,"featured_media":0,"parent":0,"menu_order":0,"comment_status":"closed","ping_status":"closed","template":"","meta":{"footnotes":""},"class_list":["post-94","page","type-page","status-publish","hentry"],"_links":{"self":[{"href":"https:\/\/yamanlifehotel.com\/ru\/wp-json\/wp\/v2\/pages\/94","targetHints":{"allow":["GET"]}}],"collection":[{"href":"https:\/\/yamanlifehotel.com\/ru\/wp-json\/wp\/v2\/pages"}],"about":[{"href":"https:\/\/yamanlifehotel.com\/ru\/wp-json\/wp\/v2\/types\/page"}],"author":[{"embeddable":true,"href":"https:\/\/yamanlifehotel.com\/ru\/wp-json\/wp\/v2\/users\/1"}],"replies":[{"embeddable":true,"href":"https:\/\/yamanlifehotel.com\/ru\/wp-json\/wp\/v2\/comments?post=94"}],"version-history":[{"count":6,"href":"https:\/\/yamanlifehotel.com\/ru\/wp-json\/wp\/v2\/pages\/94\/revisions"}],"predecessor-version":[{"id":1761,"href":"https:\/\/yamanlifehotel.com\/ru\/wp-json\/wp\/v2\/pages\/94\/revisions\/1761"}],"wp:attachment":[{"href":"https:\/\/yamanlifehotel.com\/ru\/wp-json\/wp\/v2\/media?parent=94"}],"curies":[{"name":"wp","href":"https:\/\/api.w.org\/{rel}","templated":true}]}}